{"id":2730,"date":"2025-11-13T01:07:17","date_gmt":"2025-11-12T23:07:17","guid":{"rendered":"https:\/\/www.iespintorjosemariafernandez.es\/?page_id=2730"},"modified":"2025-11-13T01:11:36","modified_gmt":"2025-11-12T23:11:36","slug":"tratamiento-de-la-lectura","status":"publish","type":"page","link":"https:\/\/www.iespintorjosemariafernandez.es\/index.php\/tratamiento-de-la-lectura\/","title":{"rendered":"Tratamiento de la lectura"},"content":{"rendered":"\t\t<div data-elementor-type=\"wp-page\" data-elementor-id=\"2730\" class=\"elementor elementor-2730\">\n\t\t\t\t<div class=\"elementor-element elementor-element-ea71a76 e-flex e-con-boxed e-con e-parent\" data-id=\"ea71a76\" data-element_type=\"container\" data-e-type=\"container\">\n\t\t\t\t\t<div class=\"e-con-inner\">\n\t\t\t\t<div class=\"elementor-element elementor-element-3a3429a elementor-widget elementor-widget-text-editor\" data-id=\"3a3429a\" data-element_type=\"widget\" data-e-type=\"widget\" data-widget_type=\"text-editor.default\">\n\t\t\t\t<div class=\"elementor-widget-container\">\n\t\t\t\t\t\t\t\t\t<span data-mce-type=\"bookmark\" style=\"display: inline-block; width: 0px; overflow: hidden; line-height: 0;\" class=\"mce_SELRES_start\">\ufeff<\/span>\n<div class=\"wp-block-file\" style=\"text-align: center;\"><a href=\"https:\/\/www.iespintorjosemariafernandez.es\/wp-content\/uploads\/2025\/11\/2025-2026.-TRATAMIENTO-DE-LA-LECTURA-EN-LA-ESO.pdf\">2025-2026. TRATAMIENTO DE LA LECTURA EN LA ESO2025-2026. 01 Plan centro V3 2026<\/a><\/div>\n\t\t\t\t\t\t\t\t<\/div>\n\t\t\t\t<\/div>\n\t\t\t\t\t<\/div>\n\t\t\t\t<\/div>\n\t\t\t\t<\/div>\n\t\t","protected":false},"excerpt":{"rendered":"","protected":false},"author":1,"featured_media":0,"parent":0,"menu_order":0,"comment_status":"closed","ping_status":"closed","template":"","meta":{"_eb_attr":"","_mc_calendar":[],"footnotes":""},"class_list":["post-2730","page","type-page","status-publish","hentry"],"yoast_head":"<!-- This site is optimized with the Yoast SEO plugin v27.0 - https:\/\/yoast.com\/product\/yoast-seo-wordpress\/ -->\n<title>Tratamiento de la lectura - IES Pintor Jos\u00e9 M\u00aa Fern\u00e1ndez<\/title>\n<meta name=\"robots\" content=\"index, follow, max-snippet:-1, max-image-preview:large, max-video-preview:-1\" \/>\n<link rel=\"canonical\" href=\"https:\/\/www.iespintorjosemariafernandez.es\/index.php\/tratamiento-de-la-lectura\/\" \/>\n<meta property=\"og:locale\" content=\"es_ES\" \/>\n<meta property=\"og:type\" content=\"article\" \/>\n<meta property=\"og:title\" content=\"Tratamiento de la lectura - IES Pintor Jos\u00e9 M\u00aa Fern\u00e1ndez\" \/>\n<meta property=\"og:url\" content=\"https:\/\/www.iespintorjosemariafernandez.es\/index.php\/tratamiento-de-la-lectura\/\" \/>\n<meta property=\"og:site_name\" content=\"IES Pintor Jos\u00e9 M\u00aa Fern\u00e1ndez\" \/>\n<meta property=\"article:publisher\" content=\"https:\/\/www.facebook.com\/iesjosemaria.fernandez.5\" \/>\n<meta property=\"article:modified_time\" content=\"2025-11-12T23:11:36+00:00\" \/>\n<meta name=\"twitter:card\" content=\"summary_large_image\" \/>\n<meta name=\"twitter:site\" content=\"@JmfPintor\" \/>\n<meta name=\"twitter:label1\" content=\"Tiempo de lectura\" \/>\n\t<meta name=\"twitter:data1\" content=\"1 minuto\" \/>\n<script type=\"application\/ld+json\" class=\"yoast-schema-graph\">{\"@context\":\"https:\/\/schema.org\",\"@graph\":[{\"@type\":\"WebPage\",\"@id\":\"https:\/\/www.iespintorjosemariafernandez.es\/index.php\/tratamiento-de-la-lectura\/\",\"url\":\"https:\/\/www.iespintorjosemariafernandez.es\/index.php\/tratamiento-de-la-lectura\/\",\"name\":\"Tratamiento de la lectura - IES Pintor Jos\u00e9 M\u00aa Fern\u00e1ndez\",\"isPartOf\":{\"@id\":\"https:\/\/www.iespintorjosemariafernandez.es\/#website\"},\"datePublished\":\"2025-11-12T23:07:17+00:00\",\"dateModified\":\"2025-11-12T23:11:36+00:00\",\"breadcrumb\":{\"@id\":\"https:\/\/www.iespintorjosemariafernandez.es\/index.php\/tratamiento-de-la-lectura\/#breadcrumb\"},\"inLanguage\":\"es\",\"potentialAction\":[{\"@type\":\"ReadAction\",\"target\":[\"https:\/\/www.iespintorjosemariafernandez.es\/index.php\/tratamiento-de-la-lectura\/\"]}]},{\"@type\":\"BreadcrumbList\",\"@id\":\"https:\/\/www.iespintorjosemariafernandez.es\/index.php\/tratamiento-de-la-lectura\/#breadcrumb\",\"itemListElement\":[{\"@type\":\"ListItem\",\"position\":1,\"name\":\"IES Pintor Jos\u00e9 Mar\u00eda Fern\u00e1ndez\",\"item\":\"https:\/\/www.iespintorjosemariafernandez.es\/\"},{\"@type\":\"ListItem\",\"position\":2,\"name\":\"Tratamiento de la lectura\"}]},{\"@type\":\"WebSite\",\"@id\":\"https:\/\/www.iespintorjosemariafernandez.es\/#website\",\"url\":\"https:\/\/www.iespintorjosemariafernandez.es\/\",\"name\":\"IES Pintor Jos\u00e9 M\u00aa Fern\u00e1ndez\",\"description\":\"IES Bachillerato Formaci\u00f3n Profesional en Antequera (M\u00e1laga)\",\"publisher\":{\"@id\":\"https:\/\/www.iespintorjosemariafernandez.es\/#organization\"},\"alternateName\":\"IES Pintor Antequera\",\"potentialAction\":[{\"@type\":\"SearchAction\",\"target\":{\"@type\":\"EntryPoint\",\"urlTemplate\":\"https:\/\/www.iespintorjosemariafernandez.es\/?s={search_term_string}\"},\"query-input\":{\"@type\":\"PropertyValueSpecification\",\"valueRequired\":true,\"valueName\":\"search_term_string\"}}],\"inLanguage\":\"es\"},{\"@type\":\"Organization\",\"@id\":\"https:\/\/www.iespintorjosemariafernandez.es\/#organization\",\"name\":\"IES Pintor Antequera\",\"alternateName\":\"IES Pintor\",\"url\":\"https:\/\/www.iespintorjosemariafernandez.es\/\",\"logo\":{\"@type\":\"ImageObject\",\"inLanguage\":\"es\",\"@id\":\"https:\/\/www.iespintorjosemariafernandez.es\/#\/schema\/logo\/image\/\",\"url\":\"https:\/\/www.iespintorjosemariafernandez.es\/wp-content\/uploads\/2023\/03\/logopintor_150.png\",\"contentUrl\":\"https:\/\/www.iespintorjosemariafernandez.es\/wp-content\/uploads\/2023\/03\/logopintor_150.png\",\"width\":150,\"height\":150,\"caption\":\"IES Pintor Antequera\"},\"image\":{\"@id\":\"https:\/\/www.iespintorjosemariafernandez.es\/#\/schema\/logo\/image\/\"},\"sameAs\":[\"https:\/\/www.facebook.com\/iesjosemaria.fernandez.5\",\"https:\/\/x.com\/JmfPintor\",\"https:\/\/www.instagram.com\/ies.pin\/\",\"https:\/\/www.instagram.com\/biblioiespintor\/\"]}]}<\/script>\n<!-- \/ Yoast SEO plugin. -->","yoast_head_json":{"title":"Tratamiento de la lectura - IES Pintor Jos\u00e9 M\u00aa Fern\u00e1ndez","robots":{"index":"index","follow":"follow","max-snippet":"max-snippet:-1","max-image-preview":"max-image-preview:large","max-video-preview":"max-video-preview:-1"},"canonical":"https:\/\/www.iespintorjosemariafernandez.es\/index.php\/tratamiento-de-la-lectura\/","og_locale":"es_ES","og_type":"article","og_title":"Tratamiento de la lectura - IES Pintor Jos\u00e9 M\u00aa Fern\u00e1ndez","og_url":"https:\/\/www.iespintorjosemariafernandez.es\/index.php\/tratamiento-de-la-lectura\/","og_site_name":"IES Pintor Jos\u00e9 M\u00aa Fern\u00e1ndez","article_publisher":"https:\/\/www.facebook.com\/iesjosemaria.fernandez.5","article_modified_time":"2025-11-12T23:11:36+00:00","twitter_card":"summary_large_image","twitter_site":"@JmfPintor","twitter_misc":{"Tiempo de lectura":"1 minuto"},"schema":{"@context":"https:\/\/schema.org","@graph":[{"@type":"WebPage","@id":"https:\/\/www.iespintorjosemariafernandez.es\/index.php\/tratamiento-de-la-lectura\/","url":"https:\/\/www.iespintorjosemariafernandez.es\/index.php\/tratamiento-de-la-lectura\/","name":"Tratamiento de la lectura - IES Pintor Jos\u00e9 M\u00aa Fern\u00e1ndez","isPartOf":{"@id":"https:\/\/www.iespintorjosemariafernandez.es\/#website"},"datePublished":"2025-11-12T23:07:17+00:00","dateModified":"2025-11-12T23:11:36+00:00","breadcrumb":{"@id":"https:\/\/www.iespintorjosemariafernandez.es\/index.php\/tratamiento-de-la-lectura\/#breadcrumb"},"inLanguage":"es","potentialAction":[{"@type":"ReadAction","target":["https:\/\/www.iespintorjosemariafernandez.es\/index.php\/tratamiento-de-la-lectura\/"]}]},{"@type":"BreadcrumbList","@id":"https:\/\/www.iespintorjosemariafernandez.es\/index.php\/tratamiento-de-la-lectura\/#breadcrumb","itemListElement":[{"@type":"ListItem","position":1,"name":"IES Pintor Jos\u00e9 Mar\u00eda Fern\u00e1ndez","item":"https:\/\/www.iespintorjosemariafernandez.es\/"},{"@type":"ListItem","position":2,"name":"Tratamiento de la lectura"}]},{"@type":"WebSite","@id":"https:\/\/www.iespintorjosemariafernandez.es\/#website","url":"https:\/\/www.iespintorjosemariafernandez.es\/","name":"IES Pintor Jos\u00e9 M\u00aa Fern\u00e1ndez","description":"IES Bachillerato Formaci\u00f3n Profesional en Antequera (M\u00e1laga)","publisher":{"@id":"https:\/\/www.iespintorjosemariafernandez.es\/#organization"},"alternateName":"IES Pintor Antequera","potentialAction":[{"@type":"SearchAction","target":{"@type":"EntryPoint","urlTemplate":"https:\/\/www.iespintorjosemariafernandez.es\/?s={search_term_string}"},"query-input":{"@type":"PropertyValueSpecification","valueRequired":true,"valueName":"search_term_string"}}],"inLanguage":"es"},{"@type":"Organization","@id":"https:\/\/www.iespintorjosemariafernandez.es\/#organization","name":"IES Pintor Antequera","alternateName":"IES Pintor","url":"https:\/\/www.iespintorjosemariafernandez.es\/","logo":{"@type":"ImageObject","inLanguage":"es","@id":"https:\/\/www.iespintorjosemariafernandez.es\/#\/schema\/logo\/image\/","url":"https:\/\/www.iespintorjosemariafernandez.es\/wp-content\/uploads\/2023\/03\/logopintor_150.png","contentUrl":"https:\/\/www.iespintorjosemariafernandez.es\/wp-content\/uploads\/2023\/03\/logopintor_150.png","width":150,"height":150,"caption":"IES Pintor Antequera"},"image":{"@id":"https:\/\/www.iespintorjosemariafernandez.es\/#\/schema\/logo\/image\/"},"sameAs":["https:\/\/www.facebook.com\/iesjosemaria.fernandez.5","https:\/\/x.com\/JmfPintor","https:\/\/www.instagram.com\/ies.pin\/","https:\/\/www.instagram.com\/biblioiespintor\/"]}]}},"_links":{"self":[{"href":"https:\/\/www.iespintorjosemariafernandez.es\/index.php\/wp-json\/wp\/v2\/pages\/2730","targetHints":{"allow":["GET"]}}],"collection":[{"href":"https:\/\/www.iespintorjosemariafernandez.es\/index.php\/wp-json\/wp\/v2\/pages"}],"about":[{"href":"https:\/\/www.iespintorjosemariafernandez.es\/index.php\/wp-json\/wp\/v2\/types\/page"}],"author":[{"embeddable":true,"href":"https:\/\/www.iespintorjosemariafernandez.es\/index.php\/wp-json\/wp\/v2\/users\/1"}],"replies":[{"embeddable":true,"href":"https:\/\/www.iespintorjosemariafernandez.es\/index.php\/wp-json\/wp\/v2\/comments?post=2730"}],"version-history":[{"count":7,"href":"https:\/\/www.iespintorjosemariafernandez.es\/index.php\/wp-json\/wp\/v2\/pages\/2730\/revisions"}],"predecessor-version":[{"id":2741,"href":"https:\/\/www.iespintorjosemariafernandez.es\/index.php\/wp-json\/wp\/v2\/pages\/2730\/revisions\/2741"}],"wp:attachment":[{"href":"https:\/\/www.iespintorjosemariafernandez.es\/index.php\/wp-json\/wp\/v2\/media?parent=2730"}],"curies":[{"name":"wp","href":"https:\/\/api.w.org\/{rel}","templated":true}]}}