{"id":1108,"date":"2023-05-05T11:51:08","date_gmt":"2023-05-05T10:51:08","guid":{"rendered":"https:\/\/www.iespintorjosemariafernandez.es\/?page_id=1108"},"modified":"2023-05-05T12:58:43","modified_gmt":"2023-05-05T11:58:43","slug":"cofpyde-2","status":"publish","type":"page","link":"https:\/\/www.iespintorjosemariafernandez.es\/index.php\/ies-pintor-antequera\/proyectos\/cofpyde-2\/","title":{"rendered":"COFPYDE"},"content":{"rendered":"\t\t<div data-elementor-type=\"wp-page\" data-elementor-id=\"1108\" class=\"elementor elementor-1108\">\n\t\t\t\t<div class=\"elementor-element elementor-element-22400bc e-flex e-con-boxed e-con e-parent\" data-id=\"22400bc\" data-element_type=\"container\" data-e-type=\"container\">\n\t\t\t\t\t<div class=\"e-con-inner\">\n\t\t<div class=\"elementor-element elementor-element-47f8d49 e-con-full e-flex e-con e-parent\" data-id=\"47f8d49\" data-element_type=\"container\" data-e-type=\"container\">\n\t\t\t\t<div class=\"elementor-element elementor-element-9f5b05f elementor-widget elementor-widget-image\" data-id=\"9f5b05f\" data-element_type=\"widget\" data-e-type=\"widget\" data-widget_type=\"image.default\">\n\t\t\t\t<div class=\"elementor-widget-container\">\n\t\t\t\t\t\t\t\t\t\t\t\t\t\t\t<img fetchpriority=\"high\" decoding=\"async\" width=\"400\" height=\"400\" src=\"https:\/\/www.iespintorjosemariafernandez.es\/wp-content\/uploads\/2023\/05\/COFPYDE.png\" class=\"attachment-large size-large wp-image-938\" alt=\"Logo COFPYDE\" srcset=\"https:\/\/www.iespintorjosemariafernandez.es\/wp-content\/uploads\/2023\/05\/COFPYDE.png 400w, https:\/\/www.iespintorjosemariafernandez.es\/wp-content\/uploads\/2023\/05\/COFPYDE-300x300.png 300w, https:\/\/www.iespintorjosemariafernandez.es\/wp-content\/uploads\/2023\/05\/COFPYDE-150x150.png 150w\" sizes=\"(max-width: 400px) 100vw, 400px\" \/>\t\t\t\t\t\t\t\t\t\t\t\t\t\t\t<\/div>\n\t\t\t\t<\/div>\n\t\t\t\t<\/div>\n\t\t<div class=\"elementor-element elementor-element-81d1ccb e-con-full e-flex e-con e-parent\" data-id=\"81d1ccb\" data-element_type=\"container\" data-e-type=\"container\">\n\t\t\t\t<div class=\"elementor-element elementor-element-6417eef elementor-widget elementor-widget-text-editor\" data-id=\"6417eef\" data-element_type=\"widget\" data-e-type=\"widget\" data-widget_type=\"text-editor.default\">\n\t\t\t\t<div class=\"elementor-widget-container\">\n\t\t\t\t\t\t\t\t\t<p><strong>COORDINADOR:<\/strong> D. Antonio G\u00f3mez P\u00e1ez<\/p><p><strong style=\"font-family: var( --e-global-typography-text-font-family ), Sans-serif; text-align: var(--text-align); font-size: 1rem;\">OBJETIVOS:<\/strong><\/p><p style=\"text-align: justify;\">La Universidad Internacional de Andaluc\u00eda (UNIA), en su sede de La Cartuja, oferta una nueva edici\u00f3n del Certificado Oficial de Formaci\u00f3n Pedag\u00f3gica y Did\u00e1ctica Equivalente (COFPYDE) para atender al profesorado de Formaci\u00f3n Profesional. Este certificado va dirigido a aquellas personas que posean una titulaci\u00f3n declarada equivalente a efectos de docencia (Orden EDU\/2645\/2011) y no puedan acceder por raz\u00f3n de su titulaci\u00f3n a los estudios de M\u00e1ster regulados por la Orden ECI\/3858\/2007. Tambi\u00e9n deber\u00e1n acreditar un nivel B1 en una lengua extranjera. En cuanto al orden de prelaci\u00f3n ser\u00e1 100% la nota del expediente acad\u00e9mico. En caso de igualdad de expediente, se dar\u00e1 prioridad a la persona que se encuentre en activo en ese momento, ya que la realizaci\u00f3n de este t\u00edtulo es requisito imprescindible para dar continuidad a su empleo.<\/p>\t\t\t\t\t\t\t\t<\/div>\n\t\t\t\t<\/div>\n\t\t\t\t<\/div>\n\t\t\t\t\t<\/div>\n\t\t\t\t<\/div>\n\t\t\t\t<\/div>\n\t\t","protected":false},"excerpt":{"rendered":"<p>COORDINADOR: D. Antonio G\u00f3mez P\u00e1ez OBJETIVOS: La Universidad Internacional de Andaluc\u00eda (UNIA), en su sede de La Cartuja, oferta una nueva edici\u00f3n del Certificado Oficial de Formaci\u00f3n Pedag\u00f3gica y Did\u00e1ctica Equivalente (COFPYDE) para atender al profesorado de Formaci\u00f3n Profesional. Este certificado va dirigido a aquellas personas que posean una titulaci\u00f3n declarada equivalente a efectos de [&hellip;]<\/p>\n","protected":false},"author":3,"featured_media":0,"parent":47,"menu_order":0,"comment_status":"closed","ping_status":"closed","template":"","meta":{"_eb_attr":"","_mc_calendar":[],"footnotes":""},"class_list":["post-1108","page","type-page","status-publish","hentry"],"yoast_head":"<!-- This site is optimized with the Yoast SEO plugin v27.0 - https:\/\/yoast.com\/product\/yoast-seo-wordpress\/ -->\n<title>COFPYDE - IES Pintor Jos\u00e9 M\u00aa Fern\u00e1ndez<\/title>\n<meta name=\"robots\" content=\"index, follow, max-snippet:-1, max-image-preview:large, max-video-preview:-1\" \/>\n<link rel=\"canonical\" href=\"https:\/\/www.iespintorjosemariafernandez.es\/index.php\/ies-pintor-antequera\/proyectos\/cofpyde-2\/\" \/>\n<meta property=\"og:locale\" content=\"es_ES\" \/>\n<meta property=\"og:type\" content=\"article\" \/>\n<meta property=\"og:title\" content=\"COFPYDE - IES Pintor Jos\u00e9 M\u00aa Fern\u00e1ndez\" \/>\n<meta property=\"og:description\" content=\"COORDINADOR: D. Antonio G\u00f3mez P\u00e1ez OBJETIVOS: La Universidad Internacional de Andaluc\u00eda (UNIA), en su sede de La Cartuja, oferta una nueva edici\u00f3n del Certificado Oficial de Formaci\u00f3n Pedag\u00f3gica y Did\u00e1ctica Equivalente (COFPYDE) para atender al profesorado de Formaci\u00f3n Profesional. Este certificado va dirigido a aquellas personas que posean una titulaci\u00f3n declarada equivalente a efectos de [&hellip;]\" \/>\n<meta property=\"og:url\" content=\"https:\/\/www.iespintorjosemariafernandez.es\/index.php\/ies-pintor-antequera\/proyectos\/cofpyde-2\/\" \/>\n<meta property=\"og:site_name\" content=\"IES Pintor Jos\u00e9 M\u00aa Fern\u00e1ndez\" \/>\n<meta property=\"article:publisher\" content=\"https:\/\/www.facebook.com\/iesjosemaria.fernandez.5\" \/>\n<meta property=\"article:modified_time\" content=\"2023-05-05T11:58:43+00:00\" \/>\n<meta property=\"og:image\" content=\"https:\/\/www.iespintorjosemariafernandez.es\/wp-content\/uploads\/2023\/05\/COFPYDE.png\" \/>\n<meta name=\"twitter:card\" content=\"summary_large_image\" \/>\n<meta name=\"twitter:site\" content=\"@JmfPintor\" \/>\n<meta name=\"twitter:label1\" content=\"Tiempo de lectura\" \/>\n\t<meta name=\"twitter:data1\" content=\"1 minuto\" \/>\n<script type=\"application\/ld+json\" class=\"yoast-schema-graph\">{\"@context\":\"https:\/\/schema.org\",\"@graph\":[{\"@type\":\"WebPage\",\"@id\":\"https:\/\/www.iespintorjosemariafernandez.es\/index.php\/ies-pintor-antequera\/proyectos\/cofpyde-2\/\",\"url\":\"https:\/\/www.iespintorjosemariafernandez.es\/index.php\/ies-pintor-antequera\/proyectos\/cofpyde-2\/\",\"name\":\"COFPYDE - IES Pintor Jos\u00e9 M\u00aa Fern\u00e1ndez\",\"isPartOf\":{\"@id\":\"https:\/\/www.iespintorjosemariafernandez.es\/#website\"},\"primaryImageOfPage\":{\"@id\":\"https:\/\/www.iespintorjosemariafernandez.es\/index.php\/ies-pintor-antequera\/proyectos\/cofpyde-2\/#primaryimage\"},\"image\":{\"@id\":\"https:\/\/www.iespintorjosemariafernandez.es\/index.php\/ies-pintor-antequera\/proyectos\/cofpyde-2\/#primaryimage\"},\"thumbnailUrl\":\"https:\/\/www.iespintorjosemariafernandez.es\/wp-content\/uploads\/2023\/05\/COFPYDE.png\",\"datePublished\":\"2023-05-05T10:51:08+00:00\",\"dateModified\":\"2023-05-05T11:58:43+00:00\",\"breadcrumb\":{\"@id\":\"https:\/\/www.iespintorjosemariafernandez.es\/index.php\/ies-pintor-antequera\/proyectos\/cofpyde-2\/#breadcrumb\"},\"inLanguage\":\"es\",\"potentialAction\":[{\"@type\":\"ReadAction\",\"target\":[\"https:\/\/www.iespintorjosemariafernandez.es\/index.php\/ies-pintor-antequera\/proyectos\/cofpyde-2\/\"]}]},{\"@type\":\"ImageObject\",\"inLanguage\":\"es\",\"@id\":\"https:\/\/www.iespintorjosemariafernandez.es\/index.php\/ies-pintor-antequera\/proyectos\/cofpyde-2\/#primaryimage\",\"url\":\"https:\/\/www.iespintorjosemariafernandez.es\/wp-content\/uploads\/2023\/05\/COFPYDE.png\",\"contentUrl\":\"https:\/\/www.iespintorjosemariafernandez.es\/wp-content\/uploads\/2023\/05\/COFPYDE.png\",\"width\":400,\"height\":400,\"caption\":\"COFPYDE\"},{\"@type\":\"BreadcrumbList\",\"@id\":\"https:\/\/www.iespintorjosemariafernandez.es\/index.php\/ies-pintor-antequera\/proyectos\/cofpyde-2\/#breadcrumb\",\"itemListElement\":[{\"@type\":\"ListItem\",\"position\":1,\"name\":\"IES Pintor Jos\u00e9 Mar\u00eda Fern\u00e1ndez\",\"item\":\"https:\/\/www.iespintorjosemariafernandez.es\/\"},{\"@type\":\"ListItem\",\"position\":2,\"name\":\"El Centro\",\"item\":\"https:\/\/www.iespintorjosemariafernandez.es\/\"},{\"@type\":\"ListItem\",\"position\":3,\"name\":\"Planes, programas y proyectos\",\"item\":\"https:\/\/www.iespintorjosemariafernandez.es\/index.php\/ies-pintor-antequera\/proyectos\/\"},{\"@type\":\"ListItem\",\"position\":4,\"name\":\"COFPYDE\"}]},{\"@type\":\"WebSite\",\"@id\":\"https:\/\/www.iespintorjosemariafernandez.es\/#website\",\"url\":\"https:\/\/www.iespintorjosemariafernandez.es\/\",\"name\":\"IES Pintor Jos\u00e9 M\u00aa Fern\u00e1ndez\",\"description\":\"IES Bachillerato Formaci\u00f3n Profesional en Antequera (M\u00e1laga)\",\"publisher\":{\"@id\":\"https:\/\/www.iespintorjosemariafernandez.es\/#organization\"},\"alternateName\":\"IES Pintor Antequera\",\"potentialAction\":[{\"@type\":\"SearchAction\",\"target\":{\"@type\":\"EntryPoint\",\"urlTemplate\":\"https:\/\/www.iespintorjosemariafernandez.es\/?s={search_term_string}\"},\"query-input\":{\"@type\":\"PropertyValueSpecification\",\"valueRequired\":true,\"valueName\":\"search_term_string\"}}],\"inLanguage\":\"es\"},{\"@type\":\"Organization\",\"@id\":\"https:\/\/www.iespintorjosemariafernandez.es\/#organization\",\"name\":\"IES Pintor Antequera\",\"alternateName\":\"IES Pintor\",\"url\":\"https:\/\/www.iespintorjosemariafernandez.es\/\",\"logo\":{\"@type\":\"ImageObject\",\"inLanguage\":\"es\",\"@id\":\"https:\/\/www.iespintorjosemariafernandez.es\/#\/schema\/logo\/image\/\",\"url\":\"https:\/\/www.iespintorjosemariafernandez.es\/wp-content\/uploads\/2023\/03\/logopintor_150.png\",\"contentUrl\":\"https:\/\/www.iespintorjosemariafernandez.es\/wp-content\/uploads\/2023\/03\/logopintor_150.png\",\"width\":150,\"height\":150,\"caption\":\"IES Pintor Antequera\"},\"image\":{\"@id\":\"https:\/\/www.iespintorjosemariafernandez.es\/#\/schema\/logo\/image\/\"},\"sameAs\":[\"https:\/\/www.facebook.com\/iesjosemaria.fernandez.5\",\"https:\/\/x.com\/JmfPintor\",\"https:\/\/www.instagram.com\/ies.pin\/\",\"https:\/\/www.instagram.com\/biblioiespintor\/\"]}]}<\/script>\n<!-- \/ Yoast SEO plugin. -->","yoast_head_json":{"title":"COFPYDE - IES Pintor Jos\u00e9 M\u00aa Fern\u00e1ndez","robots":{"index":"index","follow":"follow","max-snippet":"max-snippet:-1","max-image-preview":"max-image-preview:large","max-video-preview":"max-video-preview:-1"},"canonical":"https:\/\/www.iespintorjosemariafernandez.es\/index.php\/ies-pintor-antequera\/proyectos\/cofpyde-2\/","og_locale":"es_ES","og_type":"article","og_title":"COFPYDE - IES Pintor Jos\u00e9 M\u00aa Fern\u00e1ndez","og_description":"COORDINADOR: D. Antonio G\u00f3mez P\u00e1ez OBJETIVOS: La Universidad Internacional de Andaluc\u00eda (UNIA), en su sede de La Cartuja, oferta una nueva edici\u00f3n del Certificado Oficial de Formaci\u00f3n Pedag\u00f3gica y Did\u00e1ctica Equivalente (COFPYDE) para atender al profesorado de Formaci\u00f3n Profesional. Este certificado va dirigido a aquellas personas que posean una titulaci\u00f3n declarada equivalente a efectos de [&hellip;]","og_url":"https:\/\/www.iespintorjosemariafernandez.es\/index.php\/ies-pintor-antequera\/proyectos\/cofpyde-2\/","og_site_name":"IES Pintor Jos\u00e9 M\u00aa Fern\u00e1ndez","article_publisher":"https:\/\/www.facebook.com\/iesjosemaria.fernandez.5","article_modified_time":"2023-05-05T11:58:43+00:00","og_image":[{"url":"https:\/\/www.iespintorjosemariafernandez.es\/wp-content\/uploads\/2023\/05\/COFPYDE.png","type":"","width":"","height":""}],"twitter_card":"summary_large_image","twitter_site":"@JmfPintor","twitter_misc":{"Tiempo de lectura":"1 minuto"},"schema":{"@context":"https:\/\/schema.org","@graph":[{"@type":"WebPage","@id":"https:\/\/www.iespintorjosemariafernandez.es\/index.php\/ies-pintor-antequera\/proyectos\/cofpyde-2\/","url":"https:\/\/www.iespintorjosemariafernandez.es\/index.php\/ies-pintor-antequera\/proyectos\/cofpyde-2\/","name":"COFPYDE - IES Pintor Jos\u00e9 M\u00aa Fern\u00e1ndez","isPartOf":{"@id":"https:\/\/www.iespintorjosemariafernandez.es\/#website"},"primaryImageOfPage":{"@id":"https:\/\/www.iespintorjosemariafernandez.es\/index.php\/ies-pintor-antequera\/proyectos\/cofpyde-2\/#primaryimage"},"image":{"@id":"https:\/\/www.iespintorjosemariafernandez.es\/index.php\/ies-pintor-antequera\/proyectos\/cofpyde-2\/#primaryimage"},"thumbnailUrl":"https:\/\/www.iespintorjosemariafernandez.es\/wp-content\/uploads\/2023\/05\/COFPYDE.png","datePublished":"2023-05-05T10:51:08+00:00","dateModified":"2023-05-05T11:58:43+00:00","breadcrumb":{"@id":"https:\/\/www.iespintorjosemariafernandez.es\/index.php\/ies-pintor-antequera\/proyectos\/cofpyde-2\/#breadcrumb"},"inLanguage":"es","potentialAction":[{"@type":"ReadAction","target":["https:\/\/www.iespintorjosemariafernandez.es\/index.php\/ies-pintor-antequera\/proyectos\/cofpyde-2\/"]}]},{"@type":"ImageObject","inLanguage":"es","@id":"https:\/\/www.iespintorjosemariafernandez.es\/index.php\/ies-pintor-antequera\/proyectos\/cofpyde-2\/#primaryimage","url":"https:\/\/www.iespintorjosemariafernandez.es\/wp-content\/uploads\/2023\/05\/COFPYDE.png","contentUrl":"https:\/\/www.iespintorjosemariafernandez.es\/wp-content\/uploads\/2023\/05\/COFPYDE.png","width":400,"height":400,"caption":"COFPYDE"},{"@type":"BreadcrumbList","@id":"https:\/\/www.iespintorjosemariafernandez.es\/index.php\/ies-pintor-antequera\/proyectos\/cofpyde-2\/#breadcrumb","itemListElement":[{"@type":"ListItem","position":1,"name":"IES Pintor Jos\u00e9 Mar\u00eda Fern\u00e1ndez","item":"https:\/\/www.iespintorjosemariafernandez.es\/"},{"@type":"ListItem","position":2,"name":"El Centro","item":"https:\/\/www.iespintorjosemariafernandez.es\/"},{"@type":"ListItem","position":3,"name":"Planes, programas y proyectos","item":"https:\/\/www.iespintorjosemariafernandez.es\/index.php\/ies-pintor-antequera\/proyectos\/"},{"@type":"ListItem","position":4,"name":"COFPYDE"}]},{"@type":"WebSite","@id":"https:\/\/www.iespintorjosemariafernandez.es\/#website","url":"https:\/\/www.iespintorjosemariafernandez.es\/","name":"IES Pintor Jos\u00e9 M\u00aa Fern\u00e1ndez","description":"IES Bachillerato Formaci\u00f3n Profesional en Antequera (M\u00e1laga)","publisher":{"@id":"https:\/\/www.iespintorjosemariafernandez.es\/#organization"},"alternateName":"IES Pintor Antequera","potentialAction":[{"@type":"SearchAction","target":{"@type":"EntryPoint","urlTemplate":"https:\/\/www.iespintorjosemariafernandez.es\/?s={search_term_string}"},"query-input":{"@type":"PropertyValueSpecification","valueRequired":true,"valueName":"search_term_string"}}],"inLanguage":"es"},{"@type":"Organization","@id":"https:\/\/www.iespintorjosemariafernandez.es\/#organization","name":"IES Pintor Antequera","alternateName":"IES Pintor","url":"https:\/\/www.iespintorjosemariafernandez.es\/","logo":{"@type":"ImageObject","inLanguage":"es","@id":"https:\/\/www.iespintorjosemariafernandez.es\/#\/schema\/logo\/image\/","url":"https:\/\/www.iespintorjosemariafernandez.es\/wp-content\/uploads\/2023\/03\/logopintor_150.png","contentUrl":"https:\/\/www.iespintorjosemariafernandez.es\/wp-content\/uploads\/2023\/03\/logopintor_150.png","width":150,"height":150,"caption":"IES Pintor Antequera"},"image":{"@id":"https:\/\/www.iespintorjosemariafernandez.es\/#\/schema\/logo\/image\/"},"sameAs":["https:\/\/www.facebook.com\/iesjosemaria.fernandez.5","https:\/\/x.com\/JmfPintor","https:\/\/www.instagram.com\/ies.pin\/","https:\/\/www.instagram.com\/biblioiespintor\/"]}]}},"_links":{"self":[{"href":"https:\/\/www.iespintorjosemariafernandez.es\/index.php\/wp-json\/wp\/v2\/pages\/1108","targetHints":{"allow":["GET"]}}],"collection":[{"href":"https:\/\/www.iespintorjosemariafernandez.es\/index.php\/wp-json\/wp\/v2\/pages"}],"about":[{"href":"https:\/\/www.iespintorjosemariafernandez.es\/index.php\/wp-json\/wp\/v2\/types\/page"}],"author":[{"embeddable":true,"href":"https:\/\/www.iespintorjosemariafernandez.es\/index.php\/wp-json\/wp\/v2\/users\/3"}],"replies":[{"embeddable":true,"href":"https:\/\/www.iespintorjosemariafernandez.es\/index.php\/wp-json\/wp\/v2\/comments?post=1108"}],"version-history":[{"count":4,"href":"https:\/\/www.iespintorjosemariafernandez.es\/index.php\/wp-json\/wp\/v2\/pages\/1108\/revisions"}],"predecessor-version":[{"id":1119,"href":"https:\/\/www.iespintorjosemariafernandez.es\/index.php\/wp-json\/wp\/v2\/pages\/1108\/revisions\/1119"}],"up":[{"embeddable":true,"href":"https:\/\/www.iespintorjosemariafernandez.es\/index.php\/wp-json\/wp\/v2\/pages\/47"}],"wp:attachment":[{"href":"https:\/\/www.iespintorjosemariafernandez.es\/index.php\/wp-json\/wp\/v2\/media?parent=1108"}],"curies":[{"name":"wp","href":"https:\/\/api.w.org\/{rel}","templated":true}]}}